{"id":119,"date":"2023-06-09T15:49:15","date_gmt":"2023-06-09T12:49:15","guid":{"rendered":"https:\/\/www.drmehmetfatihkorkmaz.com\/de\/?page_id=119"},"modified":"2025-11-19T12:07:25","modified_gmt":"2025-11-19T09:07:25","slug":"md-m-fatih-korkmaz","status":"publish","type":"page","link":"https:\/\/www.drmehmetfatihkorkmaz.com\/de\/md-m-fatih-korkmaz\/","title":{"rendered":"MD. M. Fatih KORKMAZ"},"content":{"rendered":"<p>Dr. Mehmet Fatih KORKMAZ, geboren 1985 in Elaz\u0131\u011f, begann 2002 sein Studium an der Medizinischen Fakult\u00e4t der F\u0131rat-Universit\u00e4t in Elaz\u0131\u011f und schloss sein Studium 2008 ab. Seit 2008 hat er als Arzt und Krankenhausverwalter, Chefarzt und Generaldirektor in den Provinzen Mu\u015f, Elaz\u0131\u011f, Kars und Batman gearbeitet. Seit 2013 war er in den Allgemeinchirurgischen Kliniken der Kafkas-Universit\u00e4t Kars und der Medizinischen Fakult\u00e4t der F\u0131rat-Universit\u00e4t Elaz\u0131\u011f t\u00e4tig. 2018 hat er seinen Pflichtdienst in der Provinz Bing\u00f6l abgeschlossen.<\/p>\n<p>Dr. Korkmaz arbeitet seit \u00fcber 12 Jahren im Bereich der Adipositas- und Diabeteschirurgie. Er ist an der Universit\u00e4t F\u0131rat in Elaz\u0131\u011f t\u00e4tig, einem der Zentren mit dem h\u00f6chsten Fallaufkommen in der T\u00fcrkei, und verf\u00fcgt \u00fcber eine umfassende und langj\u00e4hrige Berufserfahrung.<\/p>\n<p>Nachdem er zwischen 2020 und 2025 in seiner eigenen von ihm gegr\u00fcndeten Adipositaschirurgie-Klinik in den Privatkrankenh\u00e4usern Aktif International in \u00dcsk\u00fcdar und Bah\u00e7elievler gearbeitet hatte, begann er ab dem 1. September 2025 in seiner neu gegr\u00fcndeten Adipositas- und Diabeteschirurgie-Klinik im Ac\u0131badem-Krankenhaus Kad\u0131k\u00f6y zu arbeiten, wo er derzeit weiterhin t\u00e4tig ist.<\/p>\n","protected":false},"excerpt":{"rendered":"<p>Dr. Mehmet Fatih KORKMAZ, geboren 1985 in Elaz\u0131\u011f, begann 2002 sein Studium an der Medizinischen Fakult\u00e4t der F\u0131rat-Universit\u00e4t in Elaz\u0131\u011f und schloss sein Studium 2008 ab. Seit 2008 hat er als Arzt und Krankenhausverwalter, Chefarzt und Generaldirektor in den Provinzen Mu\u015f, Elaz\u0131\u011f, Kars und Batman gearbeitet. Seit 2013 war er in den Allgemeinchirurgischen Kliniken der [&hellip;]<\/p>\n","protected":false},"author":1,"featured_media":120,"parent":0,"menu_order":0,"comment_status":"closed","ping_status":"closed","template":"","meta":{"footnotes":""},"class_list":["post-119","page","type-page","status-publish","has-post-thumbnail","hentry"],"_links":{"self":[{"href":"https:\/\/www.drmehmetfatihkorkmaz.com\/de\/wp-json\/wp\/v2\/pages\/119","targetHints":{"allow":["GET"]}}],"collection":[{"href":"https:\/\/www.drmehmetfatihkorkmaz.com\/de\/wp-json\/wp\/v2\/pages"}],"about":[{"href":"https:\/\/www.drmehmetfatihkorkmaz.com\/de\/wp-json\/wp\/v2\/types\/page"}],"author":[{"embeddable":true,"href":"https:\/\/www.drmehmetfatihkorkmaz.com\/de\/wp-json\/wp\/v2\/users\/1"}],"replies":[{"embeddable":true,"href":"https:\/\/www.drmehmetfatihkorkmaz.com\/de\/wp-json\/wp\/v2\/comments?post=119"}],"version-history":[{"count":4,"href":"https:\/\/www.drmehmetfatihkorkmaz.com\/de\/wp-json\/wp\/v2\/pages\/119\/revisions"}],"predecessor-version":[{"id":325,"href":"https:\/\/www.drmehmetfatihkorkmaz.com\/de\/wp-json\/wp\/v2\/pages\/119\/revisions\/325"}],"wp:featuredmedia":[{"embeddable":true,"href":"https:\/\/www.drmehmetfatihkorkmaz.com\/de\/wp-json\/wp\/v2\/media\/120"}],"wp:attachment":[{"href":"https:\/\/www.drmehmetfatihkorkmaz.com\/de\/wp-json\/wp\/v2\/media?parent=119"}],"curies":[{"name":"wp","href":"https:\/\/api.w.org\/{rel}","templated":true}]}}