{"id":122,"date":"2023-06-09T15:54:10","date_gmt":"2023-06-09T12:54:10","guid":{"rendered":"https:\/\/www.drmehmetfatihkorkmaz.com\/de\/?page_id=122"},"modified":"2025-12-05T12:47:38","modified_gmt":"2025-12-05T09:47:38","slug":"kontakt","status":"publish","type":"page","link":"https:\/\/www.drmehmetfatihkorkmaz.com\/de\/kontakt\/","title":{"rendered":"Kontakt"},"content":{"rendered":"<p><strong>Telefon : <\/strong><a href=\"tel:+905360331211\">+90 536 033 12 11<\/a><\/p>\n<p><strong>Whatsapp : <\/strong><a href=\"https:\/\/api.whatsapp.com\/send?phone=905360331211\" target=\"_blank\" rel=\"noopener\">+90 536 033 12 11<\/a><\/p>\n<p><strong>E-Mail : <\/strong><a href=\"mailto:info@drmehmetfatihkorkmaz.com\">info@drmehmetfatihkorkmaz.com<\/a><\/p>\n<p><strong>Adresse :<\/strong> Ac\u0131badem, Tekin Sk. No:8, 34718 Kad\u0131k\u00f6y\/\u0130stanbul<\/p>\n<p><iframe loading=\"lazy\" style=\"border: 0;\" src=\"https:\/\/www.google.com\/maps\/embed?pb=!1m18!1m12!1m3!1d3010.832629237442!2d29.0430719!3d41.0070364!2m3!1f0!2f0!3f0!3m2!1i1024!2i768!4f13.1!3m3!1m2!1s0x14cab807052f19f5%3A0x82054f11af77486!2sAc%C4%B1badem%20Kad%C4%B1k%C3%B6y%20(Dr.%20%C5%9Einasi%20Can)%20Hastanesi!5e0!3m2!1str!2str!4v1759843853297!5m2!1str!2str\" width=\"100%\" height=\"600\" allowfullscreen=\"allowfullscreen\"><\/iframe><\/p>\n","protected":false},"excerpt":{"rendered":"<p>Telefon : +90 536 033 12 11 Whatsapp : +90 536 033 12 11 E-Mail : info@drmehmetfatihkorkmaz.com Adresse : Ac\u0131badem, Tekin Sk. No:8, 34718 Kad\u0131k\u00f6y\/\u0130stanbul<\/p>\n","protected":false},"author":1,"featured_media":0,"parent":0,"menu_order":0,"comment_status":"closed","ping_status":"closed","template":"","meta":{"footnotes":""},"class_list":["post-122","page","type-page","status-publish","hentry"],"_links":{"self":[{"href":"https:\/\/www.drmehmetfatihkorkmaz.com\/de\/wp-json\/wp\/v2\/pages\/122","targetHints":{"allow":["GET"]}}],"collection":[{"href":"https:\/\/www.drmehmetfatihkorkmaz.com\/de\/wp-json\/wp\/v2\/pages"}],"about":[{"href":"https:\/\/www.drmehmetfatihkorkmaz.com\/de\/wp-json\/wp\/v2\/types\/page"}],"author":[{"embeddable":true,"href":"https:\/\/www.drmehmetfatihkorkmaz.com\/de\/wp-json\/wp\/v2\/users\/1"}],"replies":[{"embeddable":true,"href":"https:\/\/www.drmehmetfatihkorkmaz.com\/de\/wp-json\/wp\/v2\/comments?post=122"}],"version-history":[{"count":10,"href":"https:\/\/www.drmehmetfatihkorkmaz.com\/de\/wp-json\/wp\/v2\/pages\/122\/revisions"}],"predecessor-version":[{"id":327,"href":"https:\/\/www.drmehmetfatihkorkmaz.com\/de\/wp-json\/wp\/v2\/pages\/122\/revisions\/327"}],"wp:attachment":[{"href":"https:\/\/www.drmehmetfatihkorkmaz.com\/de\/wp-json\/wp\/v2\/media?parent=122"}],"curies":[{"name":"wp","href":"https:\/\/api.w.org\/{rel}","templated":true}]}}