{"id":119,"date":"2023-06-09T15:49:15","date_gmt":"2023-06-09T12:49:15","guid":{"rendered":"https:\/\/www.drmehmetfatihkorkmaz.com\/en\/?page_id=119"},"modified":"2025-11-19T12:01:16","modified_gmt":"2025-11-19T09:01:16","slug":"md-m-fatih-korkmaz","status":"publish","type":"page","link":"https:\/\/www.drmehmetfatihkorkmaz.com\/en\/md-m-fatih-korkmaz\/","title":{"rendered":"MD. M. Fatih KORKMAZ"},"content":{"rendered":"<p>Dr. Mehmet Fatih KORKMAZ, born in Elaz\u0131\u011f in 1985, began his education at F\u0131rat University Faculty of Medicine in Elaz\u0131\u011f in 2002 and graduated in 2008. Since 2008, he has served as a physician and hospital administrator, chief physician, and general director in the provinces of Mu\u015f, Elaz\u0131\u011f, Kars, and Batman. Since 2013, he has worked in the General Surgery Clinics of Kars Kafkas University and Elaz\u0131\u011f F\u0131rat University Faculty of Medicine. In 2018, he completed his compulsory service in Bing\u00f6l province.<\/p>\n<p>Dr. Korkmaz has been working in the field of obesity and diabetes surgery for over 12 years. Serving at Elaz\u0131\u011f F\u0131rat University, one of the centers with the highest case volume in Turkey, he has extensive and long-standing professional experience.<\/p>\n<p>After working at his own established Obesity Surgery Clinic at Private Aktif International Hospitals in \u00dcsk\u00fcdar and Bah\u00e7elievler between 2020 and 2025, as of September 1, 2025, he started working at his newly established Obesity and Diabetes Surgery Clinic at Kad\u0131k\u00f6y Ac\u0131badem Hospital, where he currently continues his practice.<\/p>\n","protected":false},"excerpt":{"rendered":"<p>Dr. Mehmet Fatih KORKMAZ, born in Elaz\u0131\u011f in 1985, began his education at F\u0131rat University Faculty of Medicine in Elaz\u0131\u011f in 2002 and graduated in 2008. Since 2008, he has served as a physician and hospital administrator, chief physician, and general director in the provinces of Mu\u015f, Elaz\u0131\u011f, Kars, and Batman. Since 2013, he has [&hellip;]<\/p>\n","protected":false},"author":1,"featured_media":120,"parent":0,"menu_order":0,"comment_status":"closed","ping_status":"closed","template":"","meta":{"footnotes":""},"class_list":["post-119","page","type-page","status-publish","has-post-thumbnail","hentry"],"_links":{"self":[{"href":"https:\/\/www.drmehmetfatihkorkmaz.com\/en\/wp-json\/wp\/v2\/pages\/119","targetHints":{"allow":["GET"]}}],"collection":[{"href":"https:\/\/www.drmehmetfatihkorkmaz.com\/en\/wp-json\/wp\/v2\/pages"}],"about":[{"href":"https:\/\/www.drmehmetfatihkorkmaz.com\/en\/wp-json\/wp\/v2\/types\/page"}],"author":[{"embeddable":true,"href":"https:\/\/www.drmehmetfatihkorkmaz.com\/en\/wp-json\/wp\/v2\/users\/1"}],"replies":[{"embeddable":true,"href":"https:\/\/www.drmehmetfatihkorkmaz.com\/en\/wp-json\/wp\/v2\/comments?post=119"}],"version-history":[{"count":5,"href":"https:\/\/www.drmehmetfatihkorkmaz.com\/en\/wp-json\/wp\/v2\/pages\/119\/revisions"}],"predecessor-version":[{"id":371,"href":"https:\/\/www.drmehmetfatihkorkmaz.com\/en\/wp-json\/wp\/v2\/pages\/119\/revisions\/371"}],"wp:featuredmedia":[{"embeddable":true,"href":"https:\/\/www.drmehmetfatihkorkmaz.com\/en\/wp-json\/wp\/v2\/media\/120"}],"wp:attachment":[{"href":"https:\/\/www.drmehmetfatihkorkmaz.com\/en\/wp-json\/wp\/v2\/media?parent=119"}],"curies":[{"name":"wp","href":"https:\/\/api.w.org\/{rel}","templated":true}]}}