{"id":119,"date":"2023-06-09T15:49:15","date_gmt":"2023-06-09T12:49:15","guid":{"rendered":"https:\/\/www.drmehmetfatihkorkmaz.com\/es\/?page_id=119"},"modified":"2025-11-19T12:04:24","modified_gmt":"2025-11-19T09:04:24","slug":"md-m-fatih-korkmaz","status":"publish","type":"page","link":"https:\/\/www.drmehmetfatihkorkmaz.com\/es\/md-m-fatih-korkmaz\/","title":{"rendered":"MD. M. Fatih KORKMAZ"},"content":{"rendered":"<p>El Dr. Mehmet Fatih KORKMAZ, nacido en Elaz\u0131\u011f en 1985, comenz\u00f3 sus estudios en la Facultad de Medicina de la Universidad F\u0131rat de Elaz\u0131\u011f en 2002 y se gradu\u00f3 en 2008. Desde 2008, ha ocupado puestos como m\u00e9dico y administrador hospitalario, m\u00e9dico jefe y director general en las provincias de Mu\u015f, Elaz\u0131\u011f, Kars y Batman. Desde 2013, ha trabajado en las Cl\u00ednicas de Cirug\u00eda General de la Universidad Kafkas de Kars y de la Facultad de Medicina de la Universidad F\u0131rat de Elaz\u0131\u011f. En 2018, complet\u00f3 su servicio obligatorio en la provincia de Bing\u00f6l.<\/p>\n<p>El Dr. Korkmaz ha trabajado en el campo de la cirug\u00eda de la obesidad y la diabetes durante m\u00e1s de 12 a\u00f1os. Actualmente ejerce en la Universidad F\u0131rat de Elaz\u0131\u011f, uno de los centros con mayor volumen de casos en Turqu\u00eda, y cuenta con una amplia y s\u00f3lida experiencia adquirida a lo largo de muchos a\u00f1os.<\/p>\n<p>Despu\u00e9s de trabajar en su propia Cl\u00ednica de Cirug\u00eda de Obesidad que fund\u00f3 en los Hospitales Privados Aktif International en \u00dcsk\u00fcdar y Bah\u00e7elievler entre 2020 y 2025, a partir del 1 de septiembre de 2025, comenz\u00f3 a trabajar en su nueva Cl\u00ednica de Cirug\u00eda de Obesidad y Diabetes que fund\u00f3 en el Hospital Ac\u0131badem de Kad\u0131k\u00f6y, donde actualmente contin\u00faa ejerciendo.<\/p>\n","protected":false},"excerpt":{"rendered":"<p>El Dr. Mehmet Fatih KORKMAZ, nacido en Elaz\u0131\u011f en 1985, comenz\u00f3 sus estudios en la Facultad de Medicina de la Universidad F\u0131rat de Elaz\u0131\u011f en 2002 y se gradu\u00f3 en 2008. Desde 2008, ha ocupado puestos como m\u00e9dico y administrador hospitalario, m\u00e9dico jefe y director general en las provincias de Mu\u015f, Elaz\u0131\u011f, Kars y Batman. [&hellip;]<\/p>\n","protected":false},"author":1,"featured_media":120,"parent":0,"menu_order":0,"comment_status":"closed","ping_status":"closed","template":"","meta":{"footnotes":""},"class_list":["post-119","page","type-page","status-publish","has-post-thumbnail","hentry"],"_links":{"self":[{"href":"https:\/\/www.drmehmetfatihkorkmaz.com\/es\/wp-json\/wp\/v2\/pages\/119","targetHints":{"allow":["GET"]}}],"collection":[{"href":"https:\/\/www.drmehmetfatihkorkmaz.com\/es\/wp-json\/wp\/v2\/pages"}],"about":[{"href":"https:\/\/www.drmehmetfatihkorkmaz.com\/es\/wp-json\/wp\/v2\/types\/page"}],"author":[{"embeddable":true,"href":"https:\/\/www.drmehmetfatihkorkmaz.com\/es\/wp-json\/wp\/v2\/users\/1"}],"replies":[{"embeddable":true,"href":"https:\/\/www.drmehmetfatihkorkmaz.com\/es\/wp-json\/wp\/v2\/comments?post=119"}],"version-history":[{"count":4,"href":"https:\/\/www.drmehmetfatihkorkmaz.com\/es\/wp-json\/wp\/v2\/pages\/119\/revisions"}],"predecessor-version":[{"id":356,"href":"https:\/\/www.drmehmetfatihkorkmaz.com\/es\/wp-json\/wp\/v2\/pages\/119\/revisions\/356"}],"wp:featuredmedia":[{"embeddable":true,"href":"https:\/\/www.drmehmetfatihkorkmaz.com\/es\/wp-json\/wp\/v2\/media\/120"}],"wp:attachment":[{"href":"https:\/\/www.drmehmetfatihkorkmaz.com\/es\/wp-json\/wp\/v2\/media?parent=119"}],"curies":[{"name":"wp","href":"https:\/\/api.w.org\/{rel}","templated":true}]}}