{"id":122,"date":"2023-06-09T15:54:10","date_gmt":"2023-06-09T12:54:10","guid":{"rendered":"https:\/\/www.drmehmetfatihkorkmaz.com\/es\/?page_id=122"},"modified":"2025-10-07T16:35:30","modified_gmt":"2025-10-07T13:35:30","slug":"contacto","status":"publish","type":"page","link":"https:\/\/www.drmehmetfatihkorkmaz.com\/es\/contacto\/","title":{"rendered":"Contacto"},"content":{"rendered":"<p><strong>Tel\u00e9fono : <\/strong><a href=\"tel:+905331423544\">+90 533 142 35 44<\/a><\/p>\n<p><strong>Whatsapp : <\/strong><a href=\"tel:+905331423544\">+90 533 142 35 44<\/a><\/p>\n<p><strong>E-Mail : <\/strong><a href=\"mailto:info@drmehmetfatihkorkmaz.com\">info@drmehmetfatihkorkmaz.com<\/a><\/p>\n<p><strong>Direcci\u00f3n :<\/strong>Ac\u0131badem, Tekin Sk. No:8, 34718 Kad\u0131k\u00f6y\/\u0130stanbul<\/p>\n<p><iframe src=\"https:\/\/www.google.com\/maps\/embed?pb=!1m18!1m12!1m3!1d3010.832629237442!2d29.0430719!3d41.0070364!2m3!1f0!2f0!3f0!3m2!1i1024!2i768!4f13.1!3m3!1m2!1s0x14cab807052f19f5%3A0x82054f11af77486!2sAc%C4%B1badem%20Kad%C4%B1k%C3%B6y%20(Dr.%20%C5%9Einasi%20Can)%20Hastanesi!5e0!3m2!1str!2str!4v1759843853297!5m2!1str!2str\" width=\"100%\" height=\"600\" style=\"border:0;\" allowfullscreen=\"\" loading=\"lazy\" referrerpolicy=\"no-referrer-when-downgrade\"><\/iframe><\/p>\n","protected":false},"excerpt":{"rendered":"<p>Tel\u00e9fono : +90 533 142 35 44 Whatsapp : +90 533 142 35 44 E-Mail : info@drmehmetfatihkorkmaz.com Direcci\u00f3n :Ac\u0131badem, Tekin Sk. No:8, 34718 Kad\u0131k\u00f6y\/\u0130stanbul<\/p>\n","protected":false},"author":1,"featured_media":0,"parent":0,"menu_order":0,"comment_status":"closed","ping_status":"closed","template":"","meta":{"footnotes":""},"class_list":["post-122","page","type-page","status-publish","hentry"],"_links":{"self":[{"href":"https:\/\/www.drmehmetfatihkorkmaz.com\/es\/wp-json\/wp\/v2\/pages\/122","targetHints":{"allow":["GET"]}}],"collection":[{"href":"https:\/\/www.drmehmetfatihkorkmaz.com\/es\/wp-json\/wp\/v2\/pages"}],"about":[{"href":"https:\/\/www.drmehmetfatihkorkmaz.com\/es\/wp-json\/wp\/v2\/types\/page"}],"author":[{"embeddable":true,"href":"https:\/\/www.drmehmetfatihkorkmaz.com\/es\/wp-json\/wp\/v2\/users\/1"}],"replies":[{"embeddable":true,"href":"https:\/\/www.drmehmetfatihkorkmaz.com\/es\/wp-json\/wp\/v2\/comments?post=122"}],"version-history":[{"count":9,"href":"https:\/\/www.drmehmetfatihkorkmaz.com\/es\/wp-json\/wp\/v2\/pages\/122\/revisions"}],"predecessor-version":[{"id":352,"href":"https:\/\/www.drmehmetfatihkorkmaz.com\/es\/wp-json\/wp\/v2\/pages\/122\/revisions\/352"}],"wp:attachment":[{"href":"https:\/\/www.drmehmetfatihkorkmaz.com\/es\/wp-json\/wp\/v2\/media?parent=122"}],"curies":[{"name":"wp","href":"https:\/\/api.w.org\/{rel}","templated":true}]}}