{"id":119,"date":"2023-06-09T15:49:15","date_gmt":"2023-06-09T12:49:15","guid":{"rendered":"https:\/\/www.drmehmetfatihkorkmaz.com\/fr\/?page_id=119"},"modified":"2025-11-19T12:02:52","modified_gmt":"2025-11-19T09:02:52","slug":"md-m-fatih-korkmaz","status":"publish","type":"page","link":"https:\/\/www.drmehmetfatihkorkmaz.com\/fr\/md-m-fatih-korkmaz\/","title":{"rendered":"MD. M. Fatih KORKMAZ"},"content":{"rendered":"<p>Le Dr Mehmet Fatih KORKMAZ, n\u00e9 \u00e0 Elaz\u0131\u011f en 1985, a commenc\u00e9 ses \u00e9tudes \u00e0 la Facult\u00e9 de M\u00e9decine de l&#8217;Universit\u00e9 F\u0131rat d&#8217;Elaz\u0131\u011f en 2002 et a obtenu son dipl\u00f4me en 2008. Depuis 2008, il a occup\u00e9 des postes de m\u00e9decin et d&#8217;administrateur d&#8217;h\u00f4pital, de m\u00e9decin-chef et de directeur g\u00e9n\u00e9ral dans les provinces de Mu\u015f, Elaz\u0131\u011f, Kars et Batman. Depuis 2013, il a travaill\u00e9 dans les services de chirurgie g\u00e9n\u00e9rale de l&#8217;Universit\u00e9 Kafkas de Kars et de la Facult\u00e9 de M\u00e9decine de l&#8217;Universit\u00e9 F\u0131rat d&#8217;Elaz\u0131\u011f. En 2018, il a termin\u00e9 son service obligatoire dans la province de Bing\u00f6l.<\/p>\n<p>Dr Korkmaz travaille dans le domaine de la chirurgie de l\u2019ob\u00e9sit\u00e9 et du diab\u00e8te depuis plus de 12 ans. En poste \u00e0 l\u2019Universit\u00e9 F\u0131rat d\u2019Elaz\u0131\u011f, l\u2019un des centres ayant le volume de cas le plus \u00e9lev\u00e9 en Turquie, il poss\u00e8de une exp\u00e9rience approfondie et solide acquise au fil de nombreuses ann\u00e9es.<\/p>\n<p>Apr\u00e8s avoir travaill\u00e9 dans sa propre clinique de chirurgie de l&#8217;ob\u00e9sit\u00e9 qu&#8217;il a fond\u00e9e aux h\u00f4pitaux priv\u00e9s Aktif International \u00e0 \u00dcsk\u00fcdar et Bah\u00e7elievler entre 2020 et 2025, \u00e0 partir du 1er septembre 2025, il a commenc\u00e9 \u00e0 travailler dans sa nouvelle clinique de chirurgie de l&#8217;ob\u00e9sit\u00e9 et du diab\u00e8te qu&#8217;il a fond\u00e9e \u00e0 l&#8217;h\u00f4pital Ac\u0131badem de Kad\u0131k\u00f6y, o\u00f9 il continue actuellement d&#8217;exercer.<\/p>\n","protected":false},"excerpt":{"rendered":"<p>Le Dr Mehmet Fatih KORKMAZ, n\u00e9 \u00e0 Elaz\u0131\u011f en 1985, a commenc\u00e9 ses \u00e9tudes \u00e0 la Facult\u00e9 de M\u00e9decine de l&#8217;Universit\u00e9 F\u0131rat d&#8217;Elaz\u0131\u011f en 2002 et a obtenu son dipl\u00f4me en 2008. Depuis 2008, il a occup\u00e9 des postes de m\u00e9decin et d&#8217;administrateur d&#8217;h\u00f4pital, de m\u00e9decin-chef et de directeur g\u00e9n\u00e9ral dans les provinces de Mu\u015f, [&hellip;]<\/p>\n","protected":false},"author":1,"featured_media":120,"parent":0,"menu_order":0,"comment_status":"closed","ping_status":"closed","template":"","meta":{"footnotes":""},"class_list":["post-119","page","type-page","status-publish","has-post-thumbnail","hentry"],"_links":{"self":[{"href":"https:\/\/www.drmehmetfatihkorkmaz.com\/fr\/wp-json\/wp\/v2\/pages\/119","targetHints":{"allow":["GET"]}}],"collection":[{"href":"https:\/\/www.drmehmetfatihkorkmaz.com\/fr\/wp-json\/wp\/v2\/pages"}],"about":[{"href":"https:\/\/www.drmehmetfatihkorkmaz.com\/fr\/wp-json\/wp\/v2\/types\/page"}],"author":[{"embeddable":true,"href":"https:\/\/www.drmehmetfatihkorkmaz.com\/fr\/wp-json\/wp\/v2\/users\/1"}],"replies":[{"embeddable":true,"href":"https:\/\/www.drmehmetfatihkorkmaz.com\/fr\/wp-json\/wp\/v2\/comments?post=119"}],"version-history":[{"count":4,"href":"https:\/\/www.drmehmetfatihkorkmaz.com\/fr\/wp-json\/wp\/v2\/pages\/119\/revisions"}],"predecessor-version":[{"id":333,"href":"https:\/\/www.drmehmetfatihkorkmaz.com\/fr\/wp-json\/wp\/v2\/pages\/119\/revisions\/333"}],"wp:featuredmedia":[{"embeddable":true,"href":"https:\/\/www.drmehmetfatihkorkmaz.com\/fr\/wp-json\/wp\/v2\/media\/120"}],"wp:attachment":[{"href":"https:\/\/www.drmehmetfatihkorkmaz.com\/fr\/wp-json\/wp\/v2\/media?parent=119"}],"curies":[{"name":"wp","href":"https:\/\/api.w.org\/{rel}","templated":true}]}}