{"id":119,"date":"2023-06-09T15:49:15","date_gmt":"2023-06-09T12:49:15","guid":{"rendered":"https:\/\/www.drmehmetfatihkorkmaz.com\/it\/?page_id=119"},"modified":"2025-11-19T12:05:53","modified_gmt":"2025-11-19T09:05:53","slug":"md-m-fatih-korkmaz","status":"publish","type":"page","link":"https:\/\/www.drmehmetfatihkorkmaz.com\/it\/md-m-fatih-korkmaz\/","title":{"rendered":"MD. M. Fatih KORKMAZ"},"content":{"rendered":"<p>Il Dr. Mehmet Fatih KORKMAZ, nato a Elaz\u0131\u011f nel 1985, ha iniziato i suoi studi presso la Facolt\u00e0 di Medicina dell&#8217;Universit\u00e0 F\u0131rat di Elaz\u0131\u011f nel 2002 e si \u00e8 laureato nel 2008. Dal 2008, ha ricoperto posizioni di medico e amministratore ospedaliero, primario e direttore generale nelle province di Mu\u015f, Elaz\u0131\u011f, Kars e Batman. Dal 2013, ha lavorato nelle Cliniche di Chirurgia Generale dell&#8217;Universit\u00e0 Kafkas di Kars e della Facolt\u00e0 di Medicina dell&#8217;Universit\u00e0 F\u0131rat di Elaz\u0131\u011f. Nel 2018, ha completato il suo servizio obbligatorio nella provincia di Bing\u00f6l.<\/p>\n<p>Il Dr. Korkmaz lavora nel campo della chirurgia dell\u2019obesit\u00e0 e del diabete da oltre 12 anni. Attualmente opera presso l\u2019Universit\u00e0 F\u0131rat di Elaz\u0131\u011f, uno dei centri con il pi\u00f9 alto volume di casi in Turchia, e possiede una vasta e solida esperienza maturata nel corso di molti anni.<\/p>\n<p>Dopo aver lavorato nella sua Clinica di Chirurgia dell&#8217;Obesit\u00e0 da lui fondata presso gli Ospedali Privati Aktif International a \u00dcsk\u00fcdar e Bah\u00e7elievler tra il 2020 e il 2025, a partire dal 1\u00b0 settembre 2025, ha iniziato a lavorare nella sua nuova Clinica di Chirurgia dell&#8217;Obesit\u00e0 e del Diabete da lui fondata presso l&#8217;Ospedale Ac\u0131badem di Kad\u0131k\u00f6y, dove continua attualmente a esercitare.<\/p>\n","protected":false},"excerpt":{"rendered":"<p>Il Dr. Mehmet Fatih KORKMAZ, nato a Elaz\u0131\u011f nel 1985, ha iniziato i suoi studi presso la Facolt\u00e0 di Medicina dell&#8217;Universit\u00e0 F\u0131rat di Elaz\u0131\u011f nel 2002 e si \u00e8 laureato nel 2008. Dal 2008, ha ricoperto posizioni di medico e amministratore ospedaliero, primario e direttore generale nelle province di Mu\u015f, Elaz\u0131\u011f, Kars e Batman. Dal [&hellip;]<\/p>\n","protected":false},"author":1,"featured_media":120,"parent":0,"menu_order":0,"comment_status":"closed","ping_status":"closed","template":"","meta":{"footnotes":""},"class_list":["post-119","page","type-page","status-publish","has-post-thumbnail","hentry"],"_links":{"self":[{"href":"https:\/\/www.drmehmetfatihkorkmaz.com\/it\/wp-json\/wp\/v2\/pages\/119","targetHints":{"allow":["GET"]}}],"collection":[{"href":"https:\/\/www.drmehmetfatihkorkmaz.com\/it\/wp-json\/wp\/v2\/pages"}],"about":[{"href":"https:\/\/www.drmehmetfatihkorkmaz.com\/it\/wp-json\/wp\/v2\/types\/page"}],"author":[{"embeddable":true,"href":"https:\/\/www.drmehmetfatihkorkmaz.com\/it\/wp-json\/wp\/v2\/users\/1"}],"replies":[{"embeddable":true,"href":"https:\/\/www.drmehmetfatihkorkmaz.com\/it\/wp-json\/wp\/v2\/comments?post=119"}],"version-history":[{"count":4,"href":"https:\/\/www.drmehmetfatihkorkmaz.com\/it\/wp-json\/wp\/v2\/pages\/119\/revisions"}],"predecessor-version":[{"id":343,"href":"https:\/\/www.drmehmetfatihkorkmaz.com\/it\/wp-json\/wp\/v2\/pages\/119\/revisions\/343"}],"wp:featuredmedia":[{"embeddable":true,"href":"https:\/\/www.drmehmetfatihkorkmaz.com\/it\/wp-json\/wp\/v2\/media\/120"}],"wp:attachment":[{"href":"https:\/\/www.drmehmetfatihkorkmaz.com\/it\/wp-json\/wp\/v2\/media?parent=119"}],"curies":[{"name":"wp","href":"https:\/\/api.w.org\/{rel}","templated":true}]}}